{"id":1489,"date":"2021-11-01T14:21:40","date_gmt":"2021-11-01T13:21:40","guid":{"rendered":"https:\/\/villavie-luxury.com\/\/terms-and-conditions\/"},"modified":"2022-01-19T16:11:15","modified_gmt":"2022-01-19T15:11:15","slug":"uvjeti-i-odredbe","status":"publish","type":"page","link":"https:\/\/villavie-luxury.com\/hr\/uvjeti-i-odredbe\/","title":{"rendered":"Uvjeti i odredbe"},"content":{"rendered":"\n<h2 class=\"wp-block-heading\">Ku\u0107na pravila<br><\/h2>\n\n\n\n<p>\u2022 Kako bi na\u0161a lijepa vila ostala uredna i udobna, ku\u0107ni ljubimci, zabave i pu\u0161enje u zatvorenom prostoru nisu dopu\u0161teni. Prilikom dolaska potrebno je uplatiti polog za \u0161tetu\/sigurnosni depozit u iznosu od 1.500 EUR.<br>\u2022 Navedeni depozit je ve\u0107i za grupe mladih do 23 godine.<br><\/p>\n\n\n\n<h2 class=\"wp-block-heading\">Uvjeti pla\u0107anja<\/h2>\n\n\n\n<p><br>\u2022 Prilikom potvrde rezervacije potrebno je uplatiti akontaciju u iznosu od 30% pune cijene. Razlika se pla\u0107a najkasnije 40 dana prije dolaska. Za rezervacije napravljene unutar 40 dana prije dolaska, rok za uplatu pune cijene je 24 sata. Kako bismo mogli pravovremeno potvrditi va\u0161 boravak, po\u0161aljite nam potvrdu o uplati na na\u0161u e-mail adresu.<br>\u2022 Polog se pla\u0107a u gotovini odmah po dolasku u vilu.<br>\u2022 Pla\u0107anja se mogu izvr\u0161iti bankovnim prijenosom.<br><\/p>\n\n\n\n<h2 class=\"wp-block-heading\">Politika otkazivanja<\/h2>\n\n\n\n<p><br>\u2022 Ako otka\u017eete svoju rezervaciju 40 ili vi\u0161e dana prije dolaska, bit \u0107e napla\u0107eno 30% pune cijene. Ako otka\u017eete svoju rezervaciju 40 do 28 dana prije dolaska, bit \u0107e napla\u0107eno 50% pune cijene. Ako otka\u017eete svoju rezervaciju 28 dana ili manje prije dolaska, bit \u0107e napla\u0107eno 70% pune cijene.<br>\u2022 Ako otka\u017eete svoju rezervaciju na dan dolaska, bit \u0107e napla\u0107eno 100% pune cijene.<br><\/p>\n\n\n\n<h2 class=\"wp-block-heading\">Pravila otkazivanja tijekom pandemije Covid-19<\/h2>\n\n\n\n<p><br>\u2022 Ako otka\u017eete svoju rezervaciju iz razloga povezanih s COVID-19, u obzir \u0107e se uzeti slu\u017ebene zabrane putovanja i obvezna karantena po povratku u va\u0161u zemlju. Svoju rezervaciju iz navedenih razloga mo\u017eete otkazati do 15 dana prije prijave, odnosno bez ikakvih dodatnih tro\u0161kova, a uplatu akontacije mo\u0107i \u0107ete koristiti i u slobodnim terminima tijekom sljede\u0107e turisti\u010dke sezone.<br>\u2022 \u0160tovi\u0161e, u idu\u0107oj sezoni mo\u0107i \u0107ete koristiti akontaciju \u010dak i ako otka\u017eete svoju rezervaciju 15 dana ili manje prije prijave ako se u narednom razdoblju promijeni situacija u na\u0161oj regiji, odnosno ako se pove\u0107a broj zara\u017eenih i status na\u0161e regije posljedi\u010dno mijenja u smislu zabrane putovanja ili obvezne karantene po povratku u va\u0161u zemlju.<br><\/p>\n\n\n\n<p><strong> <\/strong><br><\/p>\n","protected":false},"excerpt":{"rendered":"<p>Ku\u0107na pravila \u2022 Kako bi na\u0161a lijepa vila ostala uredna i udobna, ku\u0107ni ljubimci, zabave i pu\u0161enje u zatvorenom prostoru nisu dopu\u0161teni. Prilikom dolaska potrebno je uplatiti polog za \u0161tetu\/sigurnosni depozit u iznosu od 1.500 EUR.\u2022 Navedeni depozit je ve\u0107i za grupe mladih do 23 godine. Uvjeti pla\u0107anja \u2022 Prilikom potvrde rezervacije potrebno je uplatiti [&hellip;]<\/p>\n","protected":false},"author":1,"featured_media":0,"parent":0,"menu_order":0,"comment_status":"closed","ping_status":"closed","template":"template-content.php","meta":{"footnotes":""},"class_list":["post-1489","page","type-page","status-publish","hentry"],"acf":[],"yoast_head":"<!-- This site is optimized with the Yoast SEO plugin v17.9 - https:\/\/yoast.com\/wordpress\/plugins\/seo\/ -->\n<meta name=\"robots\" content=\"index, follow, max-snippet:-1, max-image-preview:large, max-video-preview:-1\" \/>\n<link rel=\"canonical\" href=\"https:\/\/villavie-luxury.com\/hr\/uvjeti-i-odredbe\/\" \/>\n<meta property=\"og:locale\" content=\"hr_HR\" \/>\n<meta property=\"og:type\" content=\"article\" \/>\n<meta property=\"og:title\" content=\"Uvjeti i odredbe - Luxury villa in Medulin with the sea view\" \/>\n<meta property=\"og:description\" content=\"Ku\u0107na pravila \u2022 Kako bi na\u0161a lijepa vila ostala uredna i udobna, ku\u0107ni ljubimci, zabave i pu\u0161enje u zatvorenom prostoru nisu dopu\u0161teni. Prilikom dolaska potrebno je uplatiti polog za \u0161tetu\/sigurnosni depozit u iznosu od 1.500 EUR.\u2022 Navedeni depozit je ve\u0107i za grupe mladih do 23 godine. Uvjeti pla\u0107anja \u2022 Prilikom potvrde rezervacije potrebno je uplatiti [&hellip;]\" \/>\n<meta property=\"og:url\" content=\"https:\/\/villavie-luxury.com\/hr\/uvjeti-i-odredbe\/\" \/>\n<meta property=\"og:site_name\" content=\"Luxury villa in Medulin with the sea view\" \/>\n<meta property=\"article:modified_time\" content=\"2022-01-19T15:11:15+00:00\" \/>\n<meta name=\"twitter:card\" content=\"summary_large_image\" \/>\n<meta name=\"twitter:label1\" content=\"Procijenjeno vrijeme \u010ditanja\" \/>\n\t<meta name=\"twitter:data1\" content=\"2 minute\" \/>\n<script type=\"application\/ld+json\" class=\"yoast-schema-graph\">{\"@context\":\"https:\/\/schema.org\",\"@graph\":[{\"@type\":\"WebSite\",\"@id\":\"https:\/\/villavie-luxury.com\/#website\",\"url\":\"https:\/\/villavie-luxury.com\/\",\"name\":\"Luxury villa in Medulin with the sea view\",\"description\":\"Dal\\u0161\\u00ed web pou\\u017e\\u00edvaj\\u00edc\\u00ed WordPress\",\"potentialAction\":[{\"@type\":\"SearchAction\",\"target\":{\"@type\":\"EntryPoint\",\"urlTemplate\":\"https:\/\/villavie-luxury.com\/?s={search_term_string}\"},\"query-input\":\"required name=search_term_string\"}],\"inLanguage\":\"hr\"},{\"@type\":\"WebPage\",\"@id\":\"https:\/\/villavie-luxury.com\/hr\/uvjeti-i-odredbe\/#webpage\",\"url\":\"https:\/\/villavie-luxury.com\/hr\/uvjeti-i-odredbe\/\",\"name\":\"Uvjeti i odredbe - Luxury villa in Medulin with the sea view\",\"isPartOf\":{\"@id\":\"https:\/\/villavie-luxury.com\/#website\"},\"datePublished\":\"2021-11-01T13:21:40+00:00\",\"dateModified\":\"2022-01-19T15:11:15+00:00\",\"breadcrumb\":{\"@id\":\"https:\/\/villavie-luxury.com\/hr\/uvjeti-i-odredbe\/#breadcrumb\"},\"inLanguage\":\"hr\",\"potentialAction\":[{\"@type\":\"ReadAction\",\"target\":[\"https:\/\/villavie-luxury.com\/hr\/uvjeti-i-odredbe\/\"]}]},{\"@type\":\"BreadcrumbList\",\"@id\":\"https:\/\/villavie-luxury.com\/hr\/uvjeti-i-odredbe\/#breadcrumb\",\"itemListElement\":[{\"@type\":\"ListItem\",\"position\":1,\"name\":\"Dom\\u016f\",\"item\":\"https:\/\/villavie-luxury.com\/hr\/\"},{\"@type\":\"ListItem\",\"position\":2,\"name\":\"Uvjeti i odredbe\"}]}]}<\/script>\n<!-- \/ Yoast SEO plugin. -->","yoast_head_json":{"robots":{"index":"index","follow":"follow","max-snippet":"max-snippet:-1","max-image-preview":"max-image-preview:large","max-video-preview":"max-video-preview:-1"},"canonical":"https:\/\/villavie-luxury.com\/hr\/uvjeti-i-odredbe\/","og_locale":"hr_HR","og_type":"article","og_title":"Uvjeti i odredbe - Luxury villa in Medulin with the sea view","og_description":"Ku\u0107na pravila \u2022 Kako bi na\u0161a lijepa vila ostala uredna i udobna, ku\u0107ni ljubimci, zabave i pu\u0161enje u zatvorenom prostoru nisu dopu\u0161teni. Prilikom dolaska potrebno je uplatiti polog za \u0161tetu\/sigurnosni depozit u iznosu od 1.500 EUR.\u2022 Navedeni depozit je ve\u0107i za grupe mladih do 23 godine. Uvjeti pla\u0107anja \u2022 Prilikom potvrde rezervacije potrebno je uplatiti [&hellip;]","og_url":"https:\/\/villavie-luxury.com\/hr\/uvjeti-i-odredbe\/","og_site_name":"Luxury villa in Medulin with the sea view","article_modified_time":"2022-01-19T15:11:15+00:00","twitter_card":"summary_large_image","twitter_misc":{"Procijenjeno vrijeme \u010ditanja":"2 minute"},"schema":{"@context":"https:\/\/schema.org","@graph":[{"@type":"WebSite","@id":"https:\/\/villavie-luxury.com\/#website","url":"https:\/\/villavie-luxury.com\/","name":"Luxury villa in Medulin with the sea view","description":"Dal\u0161\u00ed web pou\u017e\u00edvaj\u00edc\u00ed WordPress","potentialAction":[{"@type":"SearchAction","target":{"@type":"EntryPoint","urlTemplate":"https:\/\/villavie-luxury.com\/?s={search_term_string}"},"query-input":"required name=search_term_string"}],"inLanguage":"hr"},{"@type":"WebPage","@id":"https:\/\/villavie-luxury.com\/hr\/uvjeti-i-odredbe\/#webpage","url":"https:\/\/villavie-luxury.com\/hr\/uvjeti-i-odredbe\/","name":"Uvjeti i odredbe - Luxury villa in Medulin with the sea view","isPartOf":{"@id":"https:\/\/villavie-luxury.com\/#website"},"datePublished":"2021-11-01T13:21:40+00:00","dateModified":"2022-01-19T15:11:15+00:00","breadcrumb":{"@id":"https:\/\/villavie-luxury.com\/hr\/uvjeti-i-odredbe\/#breadcrumb"},"inLanguage":"hr","potentialAction":[{"@type":"ReadAction","target":["https:\/\/villavie-luxury.com\/hr\/uvjeti-i-odredbe\/"]}]},{"@type":"BreadcrumbList","@id":"https:\/\/villavie-luxury.com\/hr\/uvjeti-i-odredbe\/#breadcrumb","itemListElement":[{"@type":"ListItem","position":1,"name":"Dom\u016f","item":"https:\/\/villavie-luxury.com\/hr\/"},{"@type":"ListItem","position":2,"name":"Uvjeti i odredbe"}]}]}},"_links":{"self":[{"href":"https:\/\/villavie-luxury.com\/hr\/wp-json\/wp\/v2\/pages\/1489","targetHints":{"allow":["GET"]}}],"collection":[{"href":"https:\/\/villavie-luxury.com\/hr\/wp-json\/wp\/v2\/pages"}],"about":[{"href":"https:\/\/villavie-luxury.com\/hr\/wp-json\/wp\/v2\/types\/page"}],"author":[{"embeddable":true,"href":"https:\/\/villavie-luxury.com\/hr\/wp-json\/wp\/v2\/users\/1"}],"replies":[{"embeddable":true,"href":"https:\/\/villavie-luxury.com\/hr\/wp-json\/wp\/v2\/comments?post=1489"}],"version-history":[{"count":3,"href":"https:\/\/villavie-luxury.com\/hr\/wp-json\/wp\/v2\/pages\/1489\/revisions"}],"predecessor-version":[{"id":1506,"href":"https:\/\/villavie-luxury.com\/hr\/wp-json\/wp\/v2\/pages\/1489\/revisions\/1506"}],"wp:attachment":[{"href":"https:\/\/villavie-luxury.com\/hr\/wp-json\/wp\/v2\/media?parent=1489"}],"curies":[{"name":"wp","href":"https:\/\/api.w.org\/{rel}","templated":true}]}}