{"id":1487,"date":"2021-11-02T21:37:37","date_gmt":"2021-11-02T20:37:37","guid":{"rendered":"https:\/\/villavie-luxury.com\/\/reservation\/"},"modified":"2026-01-05T10:14:24","modified_gmt":"2026-01-05T09:14:24","slug":"rezervacija","status":"publish","type":"page","link":"https:\/\/villavie-luxury.com\/hr\/rezervacija\/","title":{"rendered":"Rezervacija"},"content":{"rendered":"\n<p>Molimo koristite kontakt obrazac u nastavku kako biste dobili odgovore na sva pitanja ili komentare koje imate.<\/p>\n","protected":false},"excerpt":{"rendered":"<p>Molimo koristite kontakt obrazac u nastavku kako biste dobili odgovore na sva pitanja ili komentare koje imate. <\/p>\n","protected":false},"author":1,"featured_media":0,"parent":0,"menu_order":0,"comment_status":"closed","ping_status":"closed","template":"template-reservation.php","meta":{"footnotes":""},"class_list":["post-1487","page","type-page","status-publish","hentry"],"acf":[],"yoast_head":"<!-- This site is optimized with the Yoast SEO plugin v17.9 - https:\/\/yoast.com\/wordpress\/plugins\/seo\/ -->\n<meta name=\"robots\" content=\"index, follow, max-snippet:-1, max-image-preview:large, max-video-preview:-1\" \/>\n<link rel=\"canonical\" href=\"https:\/\/villavie-luxury.com\/hr\/rezervacija\/\" \/>\n<meta property=\"og:locale\" content=\"hr_HR\" \/>\n<meta property=\"og:type\" content=\"article\" \/>\n<meta property=\"og:title\" content=\"Rezervacija - Luxury villa in Medulin with the sea view\" \/>\n<meta property=\"og:description\" content=\"Molimo koristite kontakt obrazac u nastavku kako biste dobili odgovore na sva pitanja ili komentare koje imate.\" \/>\n<meta property=\"og:url\" content=\"https:\/\/villavie-luxury.com\/hr\/rezervacija\/\" \/>\n<meta property=\"og:site_name\" content=\"Luxury villa in Medulin with the sea view\" \/>\n<meta property=\"article:modified_time\" content=\"2026-01-05T09:14:24+00:00\" \/>\n<meta name=\"twitter:card\" content=\"summary_large_image\" \/>\n<meta name=\"twitter:label1\" content=\"Procijenjeno vrijeme \u010ditanja\" \/>\n\t<meta name=\"twitter:data1\" content=\"1 minuta\" \/>\n<script type=\"application\/ld+json\" class=\"yoast-schema-graph\">{\"@context\":\"https:\/\/schema.org\",\"@graph\":[{\"@type\":\"WebSite\",\"@id\":\"https:\/\/villavie-luxury.com\/#website\",\"url\":\"https:\/\/villavie-luxury.com\/\",\"name\":\"Luxury villa in Medulin with the sea view\",\"description\":\"Dal\\u0161\\u00ed web pou\\u017e\\u00edvaj\\u00edc\\u00ed WordPress\",\"potentialAction\":[{\"@type\":\"SearchAction\",\"target\":{\"@type\":\"EntryPoint\",\"urlTemplate\":\"https:\/\/villavie-luxury.com\/?s={search_term_string}\"},\"query-input\":\"required name=search_term_string\"}],\"inLanguage\":\"hr\"},{\"@type\":\"WebPage\",\"@id\":\"https:\/\/villavie-luxury.com\/hr\/rezervacija\/#webpage\",\"url\":\"https:\/\/villavie-luxury.com\/hr\/rezervacija\/\",\"name\":\"Rezervacija - Luxury villa in Medulin with the sea view\",\"isPartOf\":{\"@id\":\"https:\/\/villavie-luxury.com\/#website\"},\"datePublished\":\"2021-11-02T20:37:37+00:00\",\"dateModified\":\"2026-01-05T09:14:24+00:00\",\"breadcrumb\":{\"@id\":\"https:\/\/villavie-luxury.com\/hr\/rezervacija\/#breadcrumb\"},\"inLanguage\":\"hr\",\"potentialAction\":[{\"@type\":\"ReadAction\",\"target\":[\"https:\/\/villavie-luxury.com\/hr\/rezervacija\/\"]}]},{\"@type\":\"BreadcrumbList\",\"@id\":\"https:\/\/villavie-luxury.com\/hr\/rezervacija\/#breadcrumb\",\"itemListElement\":[{\"@type\":\"ListItem\",\"position\":1,\"name\":\"Dom\\u016f\",\"item\":\"https:\/\/villavie-luxury.com\/hr\/\"},{\"@type\":\"ListItem\",\"position\":2,\"name\":\"Rezervacija\"}]}]}<\/script>\n<!-- \/ Yoast SEO plugin. -->","yoast_head_json":{"robots":{"index":"index","follow":"follow","max-snippet":"max-snippet:-1","max-image-preview":"max-image-preview:large","max-video-preview":"max-video-preview:-1"},"canonical":"https:\/\/villavie-luxury.com\/hr\/rezervacija\/","og_locale":"hr_HR","og_type":"article","og_title":"Rezervacija - Luxury villa in Medulin with the sea view","og_description":"Molimo koristite kontakt obrazac u nastavku kako biste dobili odgovore na sva pitanja ili komentare koje imate.","og_url":"https:\/\/villavie-luxury.com\/hr\/rezervacija\/","og_site_name":"Luxury villa in Medulin with the sea view","article_modified_time":"2026-01-05T09:14:24+00:00","twitter_card":"summary_large_image","twitter_misc":{"Procijenjeno vrijeme \u010ditanja":"1 minuta"},"schema":{"@context":"https:\/\/schema.org","@graph":[{"@type":"WebSite","@id":"https:\/\/villavie-luxury.com\/#website","url":"https:\/\/villavie-luxury.com\/","name":"Luxury villa in Medulin with the sea view","description":"Dal\u0161\u00ed web pou\u017e\u00edvaj\u00edc\u00ed WordPress","potentialAction":[{"@type":"SearchAction","target":{"@type":"EntryPoint","urlTemplate":"https:\/\/villavie-luxury.com\/?s={search_term_string}"},"query-input":"required name=search_term_string"}],"inLanguage":"hr"},{"@type":"WebPage","@id":"https:\/\/villavie-luxury.com\/hr\/rezervacija\/#webpage","url":"https:\/\/villavie-luxury.com\/hr\/rezervacija\/","name":"Rezervacija - Luxury villa in Medulin with the sea view","isPartOf":{"@id":"https:\/\/villavie-luxury.com\/#website"},"datePublished":"2021-11-02T20:37:37+00:00","dateModified":"2026-01-05T09:14:24+00:00","breadcrumb":{"@id":"https:\/\/villavie-luxury.com\/hr\/rezervacija\/#breadcrumb"},"inLanguage":"hr","potentialAction":[{"@type":"ReadAction","target":["https:\/\/villavie-luxury.com\/hr\/rezervacija\/"]}]},{"@type":"BreadcrumbList","@id":"https:\/\/villavie-luxury.com\/hr\/rezervacija\/#breadcrumb","itemListElement":[{"@type":"ListItem","position":1,"name":"Dom\u016f","item":"https:\/\/villavie-luxury.com\/hr\/"},{"@type":"ListItem","position":2,"name":"Rezervacija"}]}]}},"_links":{"self":[{"href":"https:\/\/villavie-luxury.com\/hr\/wp-json\/wp\/v2\/pages\/1487","targetHints":{"allow":["GET"]}}],"collection":[{"href":"https:\/\/villavie-luxury.com\/hr\/wp-json\/wp\/v2\/pages"}],"about":[{"href":"https:\/\/villavie-luxury.com\/hr\/wp-json\/wp\/v2\/types\/page"}],"author":[{"embeddable":true,"href":"https:\/\/villavie-luxury.com\/hr\/wp-json\/wp\/v2\/users\/1"}],"replies":[{"embeddable":true,"href":"https:\/\/villavie-luxury.com\/hr\/wp-json\/wp\/v2\/comments?post=1487"}],"version-history":[{"count":10,"href":"https:\/\/villavie-luxury.com\/hr\/wp-json\/wp\/v2\/pages\/1487\/revisions"}],"predecessor-version":[{"id":1682,"href":"https:\/\/villavie-luxury.com\/hr\/wp-json\/wp\/v2\/pages\/1487\/revisions\/1682"}],"wp:attachment":[{"href":"https:\/\/villavie-luxury.com\/hr\/wp-json\/wp\/v2\/media?parent=1487"}],"curies":[{"name":"wp","href":"https:\/\/api.w.org\/{rel}","templated":true}]}}