{"id":1484,"date":"2021-11-02T20:31:10","date_gmt":"2021-11-02T19:31:10","guid":{"rendered":"https:\/\/villavie-luxury.com\/\/amenities\/"},"modified":"2022-02-09T13:06:40","modified_gmt":"2022-02-09T12:06:40","slug":"sadrzaji","status":"publish","type":"page","link":"https:\/\/villavie-luxury.com\/hr\/sadrzaji\/","title":{"rendered":"Sadr\u017eaji"},"content":{"rendered":"\n<p>Glavne karakteristike Ville Vie su besprijekorne karakteristike i ugodna atmosfera<\/p>\n","protected":false},"excerpt":{"rendered":"<p>Glavne karakteristike Ville Vie su besprijekorne karakteristike i ugodna atmosfera <\/p>\n","protected":false},"author":1,"featured_media":0,"parent":0,"menu_order":0,"comment_status":"closed","ping_status":"closed","template":"template-blocks.php","meta":{"footnotes":""},"class_list":["post-1484","page","type-page","status-publish","hentry"],"acf":[],"yoast_head":"<!-- This site is optimized with the Yoast SEO plugin v17.9 - https:\/\/yoast.com\/wordpress\/plugins\/seo\/ -->\n<meta name=\"robots\" content=\"index, follow, max-snippet:-1, max-image-preview:large, max-video-preview:-1\" \/>\n<link rel=\"canonical\" href=\"https:\/\/villavie-luxury.com\/hr\/sadrzaji\/\" \/>\n<meta property=\"og:locale\" content=\"hr_HR\" \/>\n<meta property=\"og:type\" content=\"article\" \/>\n<meta property=\"og:title\" content=\"Sadr\u017eaji - Luxury villa in Medulin with the sea view\" \/>\n<meta property=\"og:description\" content=\"Glavne karakteristike Ville Vie su besprijekorne karakteristike i ugodna atmosfera\" \/>\n<meta property=\"og:url\" content=\"https:\/\/villavie-luxury.com\/hr\/sadrzaji\/\" \/>\n<meta property=\"og:site_name\" content=\"Luxury villa in Medulin with the sea view\" \/>\n<meta property=\"article:modified_time\" content=\"2022-02-09T12:06:40+00:00\" \/>\n<meta name=\"twitter:card\" content=\"summary_large_image\" \/>\n<meta name=\"twitter:label1\" content=\"Procijenjeno vrijeme \u010ditanja\" \/>\n\t<meta name=\"twitter:data1\" content=\"1 minuta\" \/>\n<script type=\"application\/ld+json\" class=\"yoast-schema-graph\">{\"@context\":\"https:\/\/schema.org\",\"@graph\":[{\"@type\":\"WebSite\",\"@id\":\"https:\/\/villavie-luxury.com\/#website\",\"url\":\"https:\/\/villavie-luxury.com\/\",\"name\":\"Luxury villa in Medulin with the sea view\",\"description\":\"Dal\\u0161\\u00ed web pou\\u017e\\u00edvaj\\u00edc\\u00ed WordPress\",\"potentialAction\":[{\"@type\":\"SearchAction\",\"target\":{\"@type\":\"EntryPoint\",\"urlTemplate\":\"https:\/\/villavie-luxury.com\/?s={search_term_string}\"},\"query-input\":\"required name=search_term_string\"}],\"inLanguage\":\"hr\"},{\"@type\":\"WebPage\",\"@id\":\"https:\/\/villavie-luxury.com\/hr\/sadrzaji\/#webpage\",\"url\":\"https:\/\/villavie-luxury.com\/hr\/sadrzaji\/\",\"name\":\"Sadr\\u017eaji - Luxury villa in Medulin with the sea view\",\"isPartOf\":{\"@id\":\"https:\/\/villavie-luxury.com\/#website\"},\"datePublished\":\"2021-11-02T19:31:10+00:00\",\"dateModified\":\"2022-02-09T12:06:40+00:00\",\"breadcrumb\":{\"@id\":\"https:\/\/villavie-luxury.com\/hr\/sadrzaji\/#breadcrumb\"},\"inLanguage\":\"hr\",\"potentialAction\":[{\"@type\":\"ReadAction\",\"target\":[\"https:\/\/villavie-luxury.com\/hr\/sadrzaji\/\"]}]},{\"@type\":\"BreadcrumbList\",\"@id\":\"https:\/\/villavie-luxury.com\/hr\/sadrzaji\/#breadcrumb\",\"itemListElement\":[{\"@type\":\"ListItem\",\"position\":1,\"name\":\"Dom\\u016f\",\"item\":\"https:\/\/villavie-luxury.com\/hr\/\"},{\"@type\":\"ListItem\",\"position\":2,\"name\":\"Sadr\\u017eaji\"}]}]}<\/script>\n<!-- \/ Yoast SEO plugin. -->","yoast_head_json":{"robots":{"index":"index","follow":"follow","max-snippet":"max-snippet:-1","max-image-preview":"max-image-preview:large","max-video-preview":"max-video-preview:-1"},"canonical":"https:\/\/villavie-luxury.com\/hr\/sadrzaji\/","og_locale":"hr_HR","og_type":"article","og_title":"Sadr\u017eaji - Luxury villa in Medulin with the sea view","og_description":"Glavne karakteristike Ville Vie su besprijekorne karakteristike i ugodna atmosfera","og_url":"https:\/\/villavie-luxury.com\/hr\/sadrzaji\/","og_site_name":"Luxury villa in Medulin with the sea view","article_modified_time":"2022-02-09T12:06:40+00:00","twitter_card":"summary_large_image","twitter_misc":{"Procijenjeno vrijeme \u010ditanja":"1 minuta"},"schema":{"@context":"https:\/\/schema.org","@graph":[{"@type":"WebSite","@id":"https:\/\/villavie-luxury.com\/#website","url":"https:\/\/villavie-luxury.com\/","name":"Luxury villa in Medulin with the sea view","description":"Dal\u0161\u00ed web pou\u017e\u00edvaj\u00edc\u00ed WordPress","potentialAction":[{"@type":"SearchAction","target":{"@type":"EntryPoint","urlTemplate":"https:\/\/villavie-luxury.com\/?s={search_term_string}"},"query-input":"required name=search_term_string"}],"inLanguage":"hr"},{"@type":"WebPage","@id":"https:\/\/villavie-luxury.com\/hr\/sadrzaji\/#webpage","url":"https:\/\/villavie-luxury.com\/hr\/sadrzaji\/","name":"Sadr\u017eaji - Luxury villa in Medulin with the sea view","isPartOf":{"@id":"https:\/\/villavie-luxury.com\/#website"},"datePublished":"2021-11-02T19:31:10+00:00","dateModified":"2022-02-09T12:06:40+00:00","breadcrumb":{"@id":"https:\/\/villavie-luxury.com\/hr\/sadrzaji\/#breadcrumb"},"inLanguage":"hr","potentialAction":[{"@type":"ReadAction","target":["https:\/\/villavie-luxury.com\/hr\/sadrzaji\/"]}]},{"@type":"BreadcrumbList","@id":"https:\/\/villavie-luxury.com\/hr\/sadrzaji\/#breadcrumb","itemListElement":[{"@type":"ListItem","position":1,"name":"Dom\u016f","item":"https:\/\/villavie-luxury.com\/hr\/"},{"@type":"ListItem","position":2,"name":"Sadr\u017eaji"}]}]}},"_links":{"self":[{"href":"https:\/\/villavie-luxury.com\/hr\/wp-json\/wp\/v2\/pages\/1484","targetHints":{"allow":["GET"]}}],"collection":[{"href":"https:\/\/villavie-luxury.com\/hr\/wp-json\/wp\/v2\/pages"}],"about":[{"href":"https:\/\/villavie-luxury.com\/hr\/wp-json\/wp\/v2\/types\/page"}],"author":[{"embeddable":true,"href":"https:\/\/villavie-luxury.com\/hr\/wp-json\/wp\/v2\/users\/1"}],"replies":[{"embeddable":true,"href":"https:\/\/villavie-luxury.com\/hr\/wp-json\/wp\/v2\/comments?post=1484"}],"version-history":[{"count":18,"href":"https:\/\/villavie-luxury.com\/hr\/wp-json\/wp\/v2\/pages\/1484\/revisions"}],"predecessor-version":[{"id":1564,"href":"https:\/\/villavie-luxury.com\/hr\/wp-json\/wp\/v2\/pages\/1484\/revisions\/1564"}],"wp:attachment":[{"href":"https:\/\/villavie-luxury.com\/hr\/wp-json\/wp\/v2\/media?parent=1484"}],"curies":[{"name":"wp","href":"https:\/\/api.w.org\/{rel}","templated":true}]}}