{"id":1436,"date":"2021-11-01T14:21:40","date_gmt":"2021-11-01T13:21:40","guid":{"rendered":"https:\/\/villavie-luxury.com\/\/terms-and-conditions\/"},"modified":"2022-01-20T08:20:18","modified_gmt":"2022-01-20T07:20:18","slug":"geschaeftsbedingungen","status":"publish","type":"page","link":"https:\/\/villavie-luxury.com\/de\/geschaeftsbedingungen\/","title":{"rendered":"Gesch\u00e4ftsbedingungen"},"content":{"rendered":"\n<h2 class=\"wp-block-heading\">Hausregeln<br><\/h2>\n\n\n\n<p>\u2022 Damit unsere sch\u00f6ne Villa ordentlich und komfortabel bleibt, sind Haustiere, Partys und das Rauchen im Haus nicht erlaubt. Bei der Ankunft ist eine Schadenskaution\/Kaution in H\u00f6he von EUR 1.500 zu hinterlegen.<br>\u2022 Diese Kaution ist h\u00f6her f\u00fcr Gruppen von Jugendlichen unter 23 Jahren.<br><\/p>\n\n\n\n<h2 class=\"wp-block-heading\">Zahlungsbedingungen<\/h2>\n\n\n\n<p><br>\u2022 Bei Best\u00e4tigung der Buchung ist eine Anzahlung in H\u00f6he von 30 % des Gesamtpreises zu leisten. Die Differenz ist sp\u00e4testens 40 Tage vor Anreise zu zahlen. Bei Buchungen innerhalb von 40 Tagen vor Anreise betr\u00e4gt die Frist f\u00fcr die Zahlung des vollen Preises 24 Stunden. Damit wir Ihren Aufenthalt rechtzeitig best\u00e4tigen k\u00f6nnen, senden Sie uns bitte eine Best\u00e4tigung Ihrer Zahlung an unsere E-Mail-Adresse.<br>\u2022 Kaution zahlbar in bar sofort bei der Ankunft in der Villa.<br>\u2022 Zahlungen k\u00f6nnen per Bank\u00fcberweisung erfolgen.<br><\/p>\n\n\n\n<h2 class=\"wp-block-heading\">Stornierungsbedingungen<\/h2>\n\n\n\n<p><br>\u2022 Bei einer Stornierung bis 40 Tage vor Anreise werden 30 % des Gesamtpreises verrechnet. Sollten Sie Ihre Buchung 40 bis 28 Tage vor Anreise stornieren, werden 50 % des Gesamtpreises in Rechnung gestellt. Sollten Sie Ihre Buchung 28 Tage oder weniger vor Anreise stornieren, werden 70 % des Gesamtpreises in Rechnung gestellt.<br>\u2022 Bei einer Stornierung am Anreisetag werden 100 % des Gesamtpreises verrechnet.<br><\/p>\n\n\n\n<h2 class=\"wp-block-heading\">Stornierungsbedingungen w\u00e4hrend der Covid-19-Pandemie<\/h2>\n\n\n\n<p><br>\u2022 Wenn Sie Ihre Buchung aus Gr\u00fcnden im Zusammenhang mit COVID-19 stornieren, werden offizielle Reiseverbote und obligatorische Quarant\u00e4neanforderungen bei der R\u00fcckkehr in Ihr Land ber\u00fccksichtigt. Sie k\u00f6nnen Ihre Buchung aus den genannten Gr\u00fcnden bis 15 Tage vor dem Check-in stornieren, und zwar ohne zus\u00e4tzliche Kosten, und Sie k\u00f6nnen Ihre Vorauszahlung auch zu verf\u00fcgbaren Terminen in der n\u00e4chsten touristischen Saison verwenden.<br>\u2022 Dar\u00fcber hinaus k\u00f6nnen Sie Ihre Vorauszahlung in der n\u00e4chsten Saison auch dann verwenden, wenn Sie Ihre Buchung 15 Tage oder weniger vor dem Check-in stornieren, wenn sich in der kommenden Zeit die Situation in unserer Region \u00e4ndert, dh wenn sich die Anzahl der Infizierten und der Status erh\u00f6hen unserer Region \u00e4ndert sich folglich in Bezug auf Reiseverbote oder obligatorische Quarant\u00e4neanforderungen bei der R\u00fcckkehr in Ihr Land.<br><\/p>\n\n\n\n<p><strong> <\/strong><br><\/p>\n","protected":false},"excerpt":{"rendered":"<p>Hausregeln \u2022 Damit unsere sch\u00f6ne Villa ordentlich und komfortabel bleibt, sind Haustiere, Partys und das Rauchen im Haus nicht erlaubt. Bei der Ankunft ist eine Schadenskaution\/Kaution in H\u00f6he von EUR 1.500 zu hinterlegen.\u2022 Diese Kaution ist h\u00f6her f\u00fcr Gruppen von Jugendlichen unter 23 Jahren. Zahlungsbedingungen \u2022 Bei Best\u00e4tigung der Buchung ist eine Anzahlung in H\u00f6he [&hellip;]<\/p>\n","protected":false},"author":1,"featured_media":0,"parent":0,"menu_order":0,"comment_status":"closed","ping_status":"closed","template":"template-content.php","meta":{"footnotes":""},"class_list":["post-1436","page","type-page","status-publish","hentry"],"acf":[],"yoast_head":"<!-- This site is optimized with the Yoast SEO plugin v17.9 - https:\/\/yoast.com\/wordpress\/plugins\/seo\/ -->\n<meta name=\"robots\" content=\"index, follow, max-snippet:-1, max-image-preview:large, max-video-preview:-1\" \/>\n<link rel=\"canonical\" href=\"https:\/\/villavie-luxury.com\/de\/geschaeftsbedingungen\/\" \/>\n<meta property=\"og:locale\" content=\"de_DE\" \/>\n<meta property=\"og:type\" content=\"article\" \/>\n<meta property=\"og:title\" content=\"Gesch\u00e4ftsbedingungen - Luxury villa in Medulin with the sea view\" \/>\n<meta property=\"og:description\" content=\"Hausregeln \u2022 Damit unsere sch\u00f6ne Villa ordentlich und komfortabel bleibt, sind Haustiere, Partys und das Rauchen im Haus nicht erlaubt. Bei der Ankunft ist eine Schadenskaution\/Kaution in H\u00f6he von EUR 1.500 zu hinterlegen.\u2022 Diese Kaution ist h\u00f6her f\u00fcr Gruppen von Jugendlichen unter 23 Jahren. Zahlungsbedingungen \u2022 Bei Best\u00e4tigung der Buchung ist eine Anzahlung in H\u00f6he [&hellip;]\" \/>\n<meta property=\"og:url\" content=\"https:\/\/villavie-luxury.com\/de\/geschaeftsbedingungen\/\" \/>\n<meta property=\"og:site_name\" content=\"Luxury villa in Medulin with the sea view\" \/>\n<meta property=\"article:modified_time\" content=\"2022-01-20T07:20:18+00:00\" \/>\n<meta name=\"twitter:card\" content=\"summary_large_image\" \/>\n<meta name=\"twitter:label1\" content=\"Gesch\u00e4tzte Lesezeit\" \/>\n\t<meta name=\"twitter:data1\" content=\"2\u00a0Minuten\" \/>\n<script type=\"application\/ld+json\" class=\"yoast-schema-graph\">{\"@context\":\"https:\/\/schema.org\",\"@graph\":[{\"@type\":\"WebSite\",\"@id\":\"https:\/\/villavie-luxury.com\/#website\",\"url\":\"https:\/\/villavie-luxury.com\/\",\"name\":\"Luxury villa in Medulin with the sea view\",\"description\":\"Dal\\u0161\\u00ed web pou\\u017e\\u00edvaj\\u00edc\\u00ed WordPress\",\"potentialAction\":[{\"@type\":\"SearchAction\",\"target\":{\"@type\":\"EntryPoint\",\"urlTemplate\":\"https:\/\/villavie-luxury.com\/?s={search_term_string}\"},\"query-input\":\"required name=search_term_string\"}],\"inLanguage\":\"de\"},{\"@type\":\"WebPage\",\"@id\":\"https:\/\/villavie-luxury.com\/de\/geschaeftsbedingungen\/#webpage\",\"url\":\"https:\/\/villavie-luxury.com\/de\/geschaeftsbedingungen\/\",\"name\":\"Gesch\\u00e4ftsbedingungen - Luxury villa in Medulin with the sea view\",\"isPartOf\":{\"@id\":\"https:\/\/villavie-luxury.com\/#website\"},\"datePublished\":\"2021-11-01T13:21:40+00:00\",\"dateModified\":\"2022-01-20T07:20:18+00:00\",\"breadcrumb\":{\"@id\":\"https:\/\/villavie-luxury.com\/de\/geschaeftsbedingungen\/#breadcrumb\"},\"inLanguage\":\"de\",\"potentialAction\":[{\"@type\":\"ReadAction\",\"target\":[\"https:\/\/villavie-luxury.com\/de\/geschaeftsbedingungen\/\"]}]},{\"@type\":\"BreadcrumbList\",\"@id\":\"https:\/\/villavie-luxury.com\/de\/geschaeftsbedingungen\/#breadcrumb\",\"itemListElement\":[{\"@type\":\"ListItem\",\"position\":1,\"name\":\"Dom\\u016f\",\"item\":\"https:\/\/villavie-luxury.com\/de\/\"},{\"@type\":\"ListItem\",\"position\":2,\"name\":\"Gesch\\u00e4ftsbedingungen\"}]}]}<\/script>\n<!-- \/ Yoast SEO plugin. -->","yoast_head_json":{"robots":{"index":"index","follow":"follow","max-snippet":"max-snippet:-1","max-image-preview":"max-image-preview:large","max-video-preview":"max-video-preview:-1"},"canonical":"https:\/\/villavie-luxury.com\/de\/geschaeftsbedingungen\/","og_locale":"de_DE","og_type":"article","og_title":"Gesch\u00e4ftsbedingungen - Luxury villa in Medulin with the sea view","og_description":"Hausregeln \u2022 Damit unsere sch\u00f6ne Villa ordentlich und komfortabel bleibt, sind Haustiere, Partys und das Rauchen im Haus nicht erlaubt. Bei der Ankunft ist eine Schadenskaution\/Kaution in H\u00f6he von EUR 1.500 zu hinterlegen.\u2022 Diese Kaution ist h\u00f6her f\u00fcr Gruppen von Jugendlichen unter 23 Jahren. Zahlungsbedingungen \u2022 Bei Best\u00e4tigung der Buchung ist eine Anzahlung in H\u00f6he [&hellip;]","og_url":"https:\/\/villavie-luxury.com\/de\/geschaeftsbedingungen\/","og_site_name":"Luxury villa in Medulin with the sea view","article_modified_time":"2022-01-20T07:20:18+00:00","twitter_card":"summary_large_image","twitter_misc":{"Gesch\u00e4tzte Lesezeit":"2\u00a0Minuten"},"schema":{"@context":"https:\/\/schema.org","@graph":[{"@type":"WebSite","@id":"https:\/\/villavie-luxury.com\/#website","url":"https:\/\/villavie-luxury.com\/","name":"Luxury villa in Medulin with the sea view","description":"Dal\u0161\u00ed web pou\u017e\u00edvaj\u00edc\u00ed WordPress","potentialAction":[{"@type":"SearchAction","target":{"@type":"EntryPoint","urlTemplate":"https:\/\/villavie-luxury.com\/?s={search_term_string}"},"query-input":"required name=search_term_string"}],"inLanguage":"de"},{"@type":"WebPage","@id":"https:\/\/villavie-luxury.com\/de\/geschaeftsbedingungen\/#webpage","url":"https:\/\/villavie-luxury.com\/de\/geschaeftsbedingungen\/","name":"Gesch\u00e4ftsbedingungen - Luxury villa in Medulin with the sea view","isPartOf":{"@id":"https:\/\/villavie-luxury.com\/#website"},"datePublished":"2021-11-01T13:21:40+00:00","dateModified":"2022-01-20T07:20:18+00:00","breadcrumb":{"@id":"https:\/\/villavie-luxury.com\/de\/geschaeftsbedingungen\/#breadcrumb"},"inLanguage":"de","potentialAction":[{"@type":"ReadAction","target":["https:\/\/villavie-luxury.com\/de\/geschaeftsbedingungen\/"]}]},{"@type":"BreadcrumbList","@id":"https:\/\/villavie-luxury.com\/de\/geschaeftsbedingungen\/#breadcrumb","itemListElement":[{"@type":"ListItem","position":1,"name":"Dom\u016f","item":"https:\/\/villavie-luxury.com\/de\/"},{"@type":"ListItem","position":2,"name":"Gesch\u00e4ftsbedingungen"}]}]}},"_links":{"self":[{"href":"https:\/\/villavie-luxury.com\/de\/wp-json\/wp\/v2\/pages\/1436","targetHints":{"allow":["GET"]}}],"collection":[{"href":"https:\/\/villavie-luxury.com\/de\/wp-json\/wp\/v2\/pages"}],"about":[{"href":"https:\/\/villavie-luxury.com\/de\/wp-json\/wp\/v2\/types\/page"}],"author":[{"embeddable":true,"href":"https:\/\/villavie-luxury.com\/de\/wp-json\/wp\/v2\/users\/1"}],"replies":[{"embeddable":true,"href":"https:\/\/villavie-luxury.com\/de\/wp-json\/wp\/v2\/comments?post=1436"}],"version-history":[{"count":1,"href":"https:\/\/villavie-luxury.com\/de\/wp-json\/wp\/v2\/pages\/1436\/revisions"}],"predecessor-version":[{"id":1461,"href":"https:\/\/villavie-luxury.com\/de\/wp-json\/wp\/v2\/pages\/1436\/revisions\/1461"}],"wp:attachment":[{"href":"https:\/\/villavie-luxury.com\/de\/wp-json\/wp\/v2\/media?parent=1436"}],"curies":[{"name":"wp","href":"https:\/\/api.w.org\/{rel}","templated":true}]}}