{"id":403,"date":"2021-10-28T11:25:00","date_gmt":"2021-10-28T09:25:00","guid":{"rendered":"https:\/\/villavie-luxury.com\/\/uvod\/"},"modified":"2022-01-14T13:17:50","modified_gmt":"2022-01-14T12:17:50","slug":"uvod","status":"publish","type":"page","link":"https:\/\/villavie-luxury.com\/cs\/","title":{"rendered":"\u00davod"},"content":{"rendered":"","protected":false},"excerpt":{"rendered":"","protected":false},"author":1,"featured_media":0,"parent":0,"menu_order":0,"comment_status":"closed","ping_status":"closed","template":"template-homepage.php","meta":{"footnotes":""},"class_list":["post-403","page","type-page","status-publish","hentry"],"acf":[],"yoast_head":"<!-- This site is optimized with the Yoast SEO plugin v17.9 - https:\/\/yoast.com\/wordpress\/plugins\/seo\/ -->\n<meta name=\"robots\" content=\"index, follow, max-snippet:-1, max-image-preview:large, max-video-preview:-1\" \/>\n<link rel=\"canonical\" href=\"https:\/\/villavie-luxury.com\/cs\/\" \/>\n<meta property=\"og:locale\" content=\"cs_CZ\" \/>\n<meta property=\"og:type\" content=\"article\" \/>\n<meta property=\"og:title\" content=\"\u00davod - Luxury villa in Medulin with the sea view\" \/>\n<meta property=\"og:url\" content=\"https:\/\/villavie-luxury.com\/cs\/\" \/>\n<meta property=\"og:site_name\" content=\"Luxury villa in Medulin with the sea view\" \/>\n<meta property=\"article:modified_time\" content=\"2022-01-14T12:17:50+00:00\" \/>\n<meta name=\"twitter:card\" content=\"summary_large_image\" \/>\n<script type=\"application\/ld+json\" class=\"yoast-schema-graph\">{\"@context\":\"https:\/\/schema.org\",\"@graph\":[{\"@type\":\"WebSite\",\"@id\":\"https:\/\/villavie-luxury.com\/#website\",\"url\":\"https:\/\/villavie-luxury.com\/\",\"name\":\"Luxury villa in Medulin with the sea view\",\"description\":\"Dal\\u0161\\u00ed web pou\\u017e\\u00edvaj\\u00edc\\u00ed WordPress\",\"potentialAction\":[{\"@type\":\"SearchAction\",\"target\":{\"@type\":\"EntryPoint\",\"urlTemplate\":\"https:\/\/villavie-luxury.com\/?s={search_term_string}\"},\"query-input\":\"required name=search_term_string\"}],\"inLanguage\":\"cs\"},{\"@type\":\"WebPage\",\"@id\":\"https:\/\/villavie-luxury.com\/cs\/#webpage\",\"url\":\"https:\/\/villavie-luxury.com\/cs\/\",\"name\":\"\\u00davod - Luxury villa in Medulin with the sea view\",\"isPartOf\":{\"@id\":\"https:\/\/villavie-luxury.com\/#website\"},\"datePublished\":\"2021-10-28T09:25:00+00:00\",\"dateModified\":\"2022-01-14T12:17:50+00:00\",\"breadcrumb\":{\"@id\":\"https:\/\/villavie-luxury.com\/cs\/#breadcrumb\"},\"inLanguage\":\"cs\",\"potentialAction\":[{\"@type\":\"ReadAction\",\"target\":[\"https:\/\/villavie-luxury.com\/cs\/\"]}]},{\"@type\":\"BreadcrumbList\",\"@id\":\"https:\/\/villavie-luxury.com\/cs\/#breadcrumb\",\"itemListElement\":[{\"@type\":\"ListItem\",\"position\":1,\"name\":\"Dom\\u016f\",\"item\":\"https:\/\/villavie-luxury.com\/cs\/\"},{\"@type\":\"ListItem\",\"position\":2,\"name\":\"\\u00davod\"}]}]}<\/script>\n<!-- \/ Yoast SEO plugin. -->","yoast_head_json":{"robots":{"index":"index","follow":"follow","max-snippet":"max-snippet:-1","max-image-preview":"max-image-preview:large","max-video-preview":"max-video-preview:-1"},"canonical":"https:\/\/villavie-luxury.com\/cs\/","og_locale":"cs_CZ","og_type":"article","og_title":"\u00davod - Luxury villa in Medulin with the sea view","og_url":"https:\/\/villavie-luxury.com\/cs\/","og_site_name":"Luxury villa in Medulin with the sea view","article_modified_time":"2022-01-14T12:17:50+00:00","twitter_card":"summary_large_image","schema":{"@context":"https:\/\/schema.org","@graph":[{"@type":"WebSite","@id":"https:\/\/villavie-luxury.com\/#website","url":"https:\/\/villavie-luxury.com\/","name":"Luxury villa in Medulin with the sea view","description":"Dal\u0161\u00ed web pou\u017e\u00edvaj\u00edc\u00ed WordPress","potentialAction":[{"@type":"SearchAction","target":{"@type":"EntryPoint","urlTemplate":"https:\/\/villavie-luxury.com\/?s={search_term_string}"},"query-input":"required name=search_term_string"}],"inLanguage":"cs"},{"@type":"WebPage","@id":"https:\/\/villavie-luxury.com\/cs\/#webpage","url":"https:\/\/villavie-luxury.com\/cs\/","name":"\u00davod - Luxury villa in Medulin with the sea view","isPartOf":{"@id":"https:\/\/villavie-luxury.com\/#website"},"datePublished":"2021-10-28T09:25:00+00:00","dateModified":"2022-01-14T12:17:50+00:00","breadcrumb":{"@id":"https:\/\/villavie-luxury.com\/cs\/#breadcrumb"},"inLanguage":"cs","potentialAction":[{"@type":"ReadAction","target":["https:\/\/villavie-luxury.com\/cs\/"]}]},{"@type":"BreadcrumbList","@id":"https:\/\/villavie-luxury.com\/cs\/#breadcrumb","itemListElement":[{"@type":"ListItem","position":1,"name":"Dom\u016f","item":"https:\/\/villavie-luxury.com\/cs\/"},{"@type":"ListItem","position":2,"name":"\u00davod"}]}]}},"_links":{"self":[{"href":"https:\/\/villavie-luxury.com\/cs\/wp-json\/wp\/v2\/pages\/403","targetHints":{"allow":["GET"]}}],"collection":[{"href":"https:\/\/villavie-luxury.com\/cs\/wp-json\/wp\/v2\/pages"}],"about":[{"href":"https:\/\/villavie-luxury.com\/cs\/wp-json\/wp\/v2\/types\/page"}],"author":[{"embeddable":true,"href":"https:\/\/villavie-luxury.com\/cs\/wp-json\/wp\/v2\/users\/1"}],"replies":[{"embeddable":true,"href":"https:\/\/villavie-luxury.com\/cs\/wp-json\/wp\/v2\/comments?post=403"}],"version-history":[{"count":5,"href":"https:\/\/villavie-luxury.com\/cs\/wp-json\/wp\/v2\/pages\/403\/revisions"}],"predecessor-version":[{"id":1401,"href":"https:\/\/villavie-luxury.com\/cs\/wp-json\/wp\/v2\/pages\/403\/revisions\/1401"}],"wp:attachment":[{"href":"https:\/\/villavie-luxury.com\/cs\/wp-json\/wp\/v2\/media?parent=403"}],"curies":[{"name":"wp","href":"https:\/\/api.w.org\/{rel}","templated":true}]}}