{"id":1374,"date":"2021-11-01T14:21:40","date_gmt":"2021-11-01T13:21:40","guid":{"rendered":"https:\/\/villavie-luxury.com\/\/terms-and-conditions\/"},"modified":"2022-01-18T09:02:13","modified_gmt":"2022-01-18T08:02:13","slug":"ubytovaci-podminky","status":"publish","type":"page","link":"https:\/\/villavie-luxury.com\/cs\/ubytovaci-podminky\/","title":{"rendered":"Ubytovac\u00ed podm\u00ednky"},"content":{"rendered":"\n<h2 class=\"wp-block-heading\">Domovn\u00ed \u0159\u00e1d<br><\/h2>\n\n\n\n<p>\u2022 Aby na\u0161e kr\u00e1sn\u00e1 vila z\u016fstala upraven\u00e1 a pohodln\u00e1, dom\u00e1c\u00ed zv\u00ed\u0159ata, ve\u010d\u00edrky a kou\u0159en\u00ed uvnit\u0159 nejsou povoleny. P\u0159i p\u0159\u00edjezdu je nutn\u00e9 slo\u017eit kauci na po\u0161kozen\u00ed\/kauci ve v\u00fd\u0161i 1500 EUR<br>\u2022 Uveden\u00e1 z\u00e1loha je vy\u0161\u0161\u00ed pro skupiny mlad\u00fdch lid\u00ed do 23 let.<br><\/p>\n\n\n\n<h2 class=\"wp-block-heading\">Platebn\u00ed podm\u00ednky<\/h2>\n\n\n\n<p><br>\u2022 P\u0159i potvrzen\u00ed rezervace je nutn\u00e9 uhradit z\u00e1lohu ve v\u00fd\u0161i 30% z pln\u00e9 ceny. Rozd\u00edl bude uhrazen nejpozd\u011bji 40 dn\u00ed p\u0159ed p\u0159\u00edjezdem. U rezervac\u00ed proveden\u00fdch do 40 dn\u016f p\u0159ed p\u0159\u00edjezdem je lh\u016fta pro zaplacen\u00ed cel\u00e9 ceny 24 hodin. Abychom v\u00e1m mohli pobyt potvrdit v\u010das, za\u0161lete n\u00e1m pros\u00edm potvrzen\u00ed o platb\u011b na na\u0161i emailovou adresu.<br>\u2022 Kauce splatn\u00e1 v hotovosti ihned po p\u0159\u00edjezdu do vily.<br>\u2022 Platby lze prov\u00e1d\u011bt bankovn\u00edm p\u0159evodem.<br><\/p>\n\n\n\n<h2 class=\"wp-block-heading\">Storno podm\u00ednky<\/h2>\n\n\n\n<p><br>\u2022 Pokud rezervaci zru\u0161\u00edte 40 a v\u00edce dn\u00ed p\u0159ed p\u0159\u00edjezdem, bude v\u00e1m \u00fa\u010dtov\u00e1no 30 % z pln\u00e9 ceny. Pokud rezervaci zru\u0161\u00edte 40 a\u017e 28 dn\u00ed p\u0159ed p\u0159\u00edjezdem, bude v\u00e1m \u00fa\u010dtov\u00e1no 50 % z pln\u00e9 ceny. Pokud rezervaci zru\u0161\u00edte 28 dn\u00ed nebo m\u00e9n\u011b p\u0159ed p\u0159\u00edjezdem, bude v\u00e1m \u00fa\u010dtov\u00e1no 70 % z pln\u00e9 ceny.\u00a0<br>\u2022 Pokud rezervaci zru\u0161\u00edte v den p\u0159\u00edjezdu, bude v\u00e1m \u00fa\u010dtov\u00e1no 100 % z pln\u00e9 ceny.<br><\/p>\n\n\n\n<h2 class=\"wp-block-heading\">Storno podm\u00ednky b\u011bhem pandemie Covid-19<\/h2>\n\n\n\n<p><br>\u2022 Pokud svou rezervaci zru\u0161\u00edte z d\u016fvod\u016f souvisej\u00edc\u00edch s COVID-19, budou zohledn\u011bny ofici\u00e1ln\u00ed z\u00e1kazy cestov\u00e1n\u00ed a povinn\u00e9 karant\u00e9nn\u00ed po\u017eadavky po n\u00e1vratu do va\u0161\u00ed zem\u011b. Rezervaci z uveden\u00fdch d\u016fvod\u016f m\u016f\u017eete zru\u0161it do 15 dn\u016f p\u0159ed n\u00e1stupem na pobyt, a to bez jak\u00fdchkoli dodate\u010dn\u00fdch n\u00e1klad\u016f, a nav\u00edc budete moci vyu\u017e\u00edt z\u00e1lohu ve voln\u00fdch term\u00ednech b\u011bhem p\u0159\u00ed\u0161t\u00ed turistick\u00e9 sez\u00f3ny.<br>\u2022 Nav\u00edc budete moci vyu\u017e\u00edt z\u00e1lohu v p\u0159\u00ed\u0161t\u00ed sez\u00f3n\u011b i v p\u0159\u00edpad\u011b, \u017ee rezervaci zru\u0161\u00edte 15 a m\u00e9n\u011b dn\u00ed p\u0159ed p\u0159\u00edjezdem, pokud se v nadch\u00e1zej\u00edc\u00edm obdob\u00ed zm\u011bn\u00ed situace v na\u0161em regionu, tedy pokud se zv\u00fd\u0161\u00ed po\u010det naka\u017een\u00fdch a status na\u0161eho regionu se n\u00e1sledn\u011b m\u011bn\u00ed z hlediska z\u00e1kaz\u016f cestov\u00e1n\u00ed nebo povinn\u00e9 karant\u00e9ny po n\u00e1vratu do va\u0161\u00ed zem\u011b.<br><\/p>\n\n\n\n<p><strong> <\/strong><br><\/p>\n","protected":false},"excerpt":{"rendered":"<p>Domovn\u00ed \u0159\u00e1d \u2022 Aby na\u0161e kr\u00e1sn\u00e1 vila z\u016fstala upraven\u00e1 a pohodln\u00e1, dom\u00e1c\u00ed zv\u00ed\u0159ata, ve\u010d\u00edrky a kou\u0159en\u00ed uvnit\u0159 nejsou povoleny. P\u0159i p\u0159\u00edjezdu je nutn\u00e9 slo\u017eit kauci na po\u0161kozen\u00ed\/kauci ve v\u00fd\u0161i 1500 EUR\u2022 Uveden\u00e1 z\u00e1loha je vy\u0161\u0161\u00ed pro skupiny mlad\u00fdch lid\u00ed do 23 let. Platebn\u00ed podm\u00ednky \u2022 P\u0159i potvrzen\u00ed rezervace je nutn\u00e9 uhradit z\u00e1lohu ve v\u00fd\u0161i 30% [&hellip;]<\/p>\n","protected":false},"author":1,"featured_media":0,"parent":0,"menu_order":0,"comment_status":"closed","ping_status":"closed","template":"template-content.php","meta":{"footnotes":""},"class_list":["post-1374","page","type-page","status-publish","hentry"],"acf":[],"yoast_head":"<!-- This site is optimized with the Yoast SEO plugin v17.9 - https:\/\/yoast.com\/wordpress\/plugins\/seo\/ -->\n<meta name=\"robots\" content=\"index, follow, max-snippet:-1, max-image-preview:large, max-video-preview:-1\" \/>\n<link rel=\"canonical\" href=\"https:\/\/villavie-luxury.com\/cs\/ubytovaci-podminky\/\" \/>\n<meta property=\"og:locale\" content=\"cs_CZ\" \/>\n<meta property=\"og:type\" content=\"article\" \/>\n<meta property=\"og:title\" content=\"Ubytovac\u00ed podm\u00ednky - Luxury villa in Medulin with the sea view\" \/>\n<meta property=\"og:description\" content=\"Domovn\u00ed \u0159\u00e1d \u2022 Aby na\u0161e kr\u00e1sn\u00e1 vila z\u016fstala upraven\u00e1 a pohodln\u00e1, dom\u00e1c\u00ed zv\u00ed\u0159ata, ve\u010d\u00edrky a kou\u0159en\u00ed uvnit\u0159 nejsou povoleny. P\u0159i p\u0159\u00edjezdu je nutn\u00e9 slo\u017eit kauci na po\u0161kozen\u00ed\/kauci ve v\u00fd\u0161i 1500 EUR\u2022 Uveden\u00e1 z\u00e1loha je vy\u0161\u0161\u00ed pro skupiny mlad\u00fdch lid\u00ed do 23 let. Platebn\u00ed podm\u00ednky \u2022 P\u0159i potvrzen\u00ed rezervace je nutn\u00e9 uhradit z\u00e1lohu ve v\u00fd\u0161i 30% [&hellip;]\" \/>\n<meta property=\"og:url\" content=\"https:\/\/villavie-luxury.com\/cs\/ubytovaci-podminky\/\" \/>\n<meta property=\"og:site_name\" content=\"Luxury villa in Medulin with the sea view\" \/>\n<meta property=\"article:modified_time\" content=\"2022-01-18T08:02:13+00:00\" \/>\n<meta name=\"twitter:card\" content=\"summary_large_image\" \/>\n<meta name=\"twitter:label1\" content=\"Odhadovan\u00e1 doba \u010dten\u00ed\" \/>\n\t<meta name=\"twitter:data1\" content=\"2 minuty\" \/>\n<script type=\"application\/ld+json\" class=\"yoast-schema-graph\">{\"@context\":\"https:\/\/schema.org\",\"@graph\":[{\"@type\":\"WebSite\",\"@id\":\"https:\/\/villavie-luxury.com\/#website\",\"url\":\"https:\/\/villavie-luxury.com\/\",\"name\":\"Luxury villa in Medulin with the sea view\",\"description\":\"Dal\\u0161\\u00ed web pou\\u017e\\u00edvaj\\u00edc\\u00ed WordPress\",\"potentialAction\":[{\"@type\":\"SearchAction\",\"target\":{\"@type\":\"EntryPoint\",\"urlTemplate\":\"https:\/\/villavie-luxury.com\/?s={search_term_string}\"},\"query-input\":\"required name=search_term_string\"}],\"inLanguage\":\"cs\"},{\"@type\":\"WebPage\",\"@id\":\"https:\/\/villavie-luxury.com\/cs\/ubytovaci-podminky\/#webpage\",\"url\":\"https:\/\/villavie-luxury.com\/cs\/ubytovaci-podminky\/\",\"name\":\"Ubytovac\\u00ed podm\\u00ednky - Luxury villa in Medulin with the sea view\",\"isPartOf\":{\"@id\":\"https:\/\/villavie-luxury.com\/#website\"},\"datePublished\":\"2021-11-01T13:21:40+00:00\",\"dateModified\":\"2022-01-18T08:02:13+00:00\",\"breadcrumb\":{\"@id\":\"https:\/\/villavie-luxury.com\/cs\/ubytovaci-podminky\/#breadcrumb\"},\"inLanguage\":\"cs\",\"potentialAction\":[{\"@type\":\"ReadAction\",\"target\":[\"https:\/\/villavie-luxury.com\/cs\/ubytovaci-podminky\/\"]}]},{\"@type\":\"BreadcrumbList\",\"@id\":\"https:\/\/villavie-luxury.com\/cs\/ubytovaci-podminky\/#breadcrumb\",\"itemListElement\":[{\"@type\":\"ListItem\",\"position\":1,\"name\":\"Dom\\u016f\",\"item\":\"https:\/\/villavie-luxury.com\/cs\/\"},{\"@type\":\"ListItem\",\"position\":2,\"name\":\"Ubytovac\\u00ed podm\\u00ednky\"}]}]}<\/script>\n<!-- \/ Yoast SEO plugin. -->","yoast_head_json":{"robots":{"index":"index","follow":"follow","max-snippet":"max-snippet:-1","max-image-preview":"max-image-preview:large","max-video-preview":"max-video-preview:-1"},"canonical":"https:\/\/villavie-luxury.com\/cs\/ubytovaci-podminky\/","og_locale":"cs_CZ","og_type":"article","og_title":"Ubytovac\u00ed podm\u00ednky - Luxury villa in Medulin with the sea view","og_description":"Domovn\u00ed \u0159\u00e1d \u2022 Aby na\u0161e kr\u00e1sn\u00e1 vila z\u016fstala upraven\u00e1 a pohodln\u00e1, dom\u00e1c\u00ed zv\u00ed\u0159ata, ve\u010d\u00edrky a kou\u0159en\u00ed uvnit\u0159 nejsou povoleny. P\u0159i p\u0159\u00edjezdu je nutn\u00e9 slo\u017eit kauci na po\u0161kozen\u00ed\/kauci ve v\u00fd\u0161i 1500 EUR\u2022 Uveden\u00e1 z\u00e1loha je vy\u0161\u0161\u00ed pro skupiny mlad\u00fdch lid\u00ed do 23 let. Platebn\u00ed podm\u00ednky \u2022 P\u0159i potvrzen\u00ed rezervace je nutn\u00e9 uhradit z\u00e1lohu ve v\u00fd\u0161i 30% [&hellip;]","og_url":"https:\/\/villavie-luxury.com\/cs\/ubytovaci-podminky\/","og_site_name":"Luxury villa in Medulin with the sea view","article_modified_time":"2022-01-18T08:02:13+00:00","twitter_card":"summary_large_image","twitter_misc":{"Odhadovan\u00e1 doba \u010dten\u00ed":"2 minuty"},"schema":{"@context":"https:\/\/schema.org","@graph":[{"@type":"WebSite","@id":"https:\/\/villavie-luxury.com\/#website","url":"https:\/\/villavie-luxury.com\/","name":"Luxury villa in Medulin with the sea view","description":"Dal\u0161\u00ed web pou\u017e\u00edvaj\u00edc\u00ed WordPress","potentialAction":[{"@type":"SearchAction","target":{"@type":"EntryPoint","urlTemplate":"https:\/\/villavie-luxury.com\/?s={search_term_string}"},"query-input":"required name=search_term_string"}],"inLanguage":"cs"},{"@type":"WebPage","@id":"https:\/\/villavie-luxury.com\/cs\/ubytovaci-podminky\/#webpage","url":"https:\/\/villavie-luxury.com\/cs\/ubytovaci-podminky\/","name":"Ubytovac\u00ed podm\u00ednky - Luxury villa in Medulin with the sea view","isPartOf":{"@id":"https:\/\/villavie-luxury.com\/#website"},"datePublished":"2021-11-01T13:21:40+00:00","dateModified":"2022-01-18T08:02:13+00:00","breadcrumb":{"@id":"https:\/\/villavie-luxury.com\/cs\/ubytovaci-podminky\/#breadcrumb"},"inLanguage":"cs","potentialAction":[{"@type":"ReadAction","target":["https:\/\/villavie-luxury.com\/cs\/ubytovaci-podminky\/"]}]},{"@type":"BreadcrumbList","@id":"https:\/\/villavie-luxury.com\/cs\/ubytovaci-podminky\/#breadcrumb","itemListElement":[{"@type":"ListItem","position":1,"name":"Dom\u016f","item":"https:\/\/villavie-luxury.com\/cs\/"},{"@type":"ListItem","position":2,"name":"Ubytovac\u00ed podm\u00ednky"}]}]}},"_links":{"self":[{"href":"https:\/\/villavie-luxury.com\/cs\/wp-json\/wp\/v2\/pages\/1374","targetHints":{"allow":["GET"]}}],"collection":[{"href":"https:\/\/villavie-luxury.com\/cs\/wp-json\/wp\/v2\/pages"}],"about":[{"href":"https:\/\/villavie-luxury.com\/cs\/wp-json\/wp\/v2\/types\/page"}],"author":[{"embeddable":true,"href":"https:\/\/villavie-luxury.com\/cs\/wp-json\/wp\/v2\/users\/1"}],"replies":[{"embeddable":true,"href":"https:\/\/villavie-luxury.com\/cs\/wp-json\/wp\/v2\/comments?post=1374"}],"version-history":[{"count":9,"href":"https:\/\/villavie-luxury.com\/cs\/wp-json\/wp\/v2\/pages\/1374\/revisions"}],"predecessor-version":[{"id":1411,"href":"https:\/\/villavie-luxury.com\/cs\/wp-json\/wp\/v2\/pages\/1374\/revisions\/1411"}],"wp:attachment":[{"href":"https:\/\/villavie-luxury.com\/cs\/wp-json\/wp\/v2\/media?parent=1374"}],"curies":[{"name":"wp","href":"https:\/\/api.w.org\/{rel}","templated":true}]}}