{"id":1373,"date":"2021-11-02T21:15:24","date_gmt":"2021-11-02T20:15:24","guid":{"rendered":"https:\/\/villavie-luxury.com\/\/surroundings\/"},"modified":"2022-01-21T15:18:26","modified_gmt":"2022-01-21T14:18:26","slug":"okoli-villa-vie","status":"publish","type":"page","link":"https:\/\/villavie-luxury.com\/cs\/okoli-villa-vie\/","title":{"rendered":"Okol\u00ed Villa Vie"},"content":{"rendered":"","protected":false},"excerpt":{"rendered":"","protected":false},"author":1,"featured_media":0,"parent":0,"menu_order":0,"comment_status":"closed","ping_status":"closed","template":"template-blocks.php","meta":{"footnotes":""},"class_list":["post-1373","page","type-page","status-publish","hentry"],"acf":[],"yoast_head":"<!-- This site is optimized with the Yoast SEO plugin v17.9 - https:\/\/yoast.com\/wordpress\/plugins\/seo\/ -->\n<meta name=\"robots\" content=\"index, follow, max-snippet:-1, max-image-preview:large, max-video-preview:-1\" \/>\n<link rel=\"canonical\" href=\"https:\/\/villavie-luxury.com\/cs\/okoli-villa-vie\/\" \/>\n<meta property=\"og:locale\" content=\"cs_CZ\" \/>\n<meta property=\"og:type\" content=\"article\" \/>\n<meta property=\"og:title\" content=\"Okol\u00ed Villa Vie - Luxury villa in Medulin with the sea view\" \/>\n<meta property=\"og:url\" content=\"https:\/\/villavie-luxury.com\/cs\/okoli-villa-vie\/\" \/>\n<meta property=\"og:site_name\" content=\"Luxury villa in Medulin with the sea view\" \/>\n<meta property=\"article:modified_time\" content=\"2022-01-21T14:18:26+00:00\" \/>\n<meta name=\"twitter:card\" content=\"summary_large_image\" \/>\n<script type=\"application\/ld+json\" class=\"yoast-schema-graph\">{\"@context\":\"https:\/\/schema.org\",\"@graph\":[{\"@type\":\"WebSite\",\"@id\":\"https:\/\/villavie-luxury.com\/#website\",\"url\":\"https:\/\/villavie-luxury.com\/\",\"name\":\"Luxury villa in Medulin with the sea view\",\"description\":\"Dal\\u0161\\u00ed web pou\\u017e\\u00edvaj\\u00edc\\u00ed WordPress\",\"potentialAction\":[{\"@type\":\"SearchAction\",\"target\":{\"@type\":\"EntryPoint\",\"urlTemplate\":\"https:\/\/villavie-luxury.com\/?s={search_term_string}\"},\"query-input\":\"required name=search_term_string\"}],\"inLanguage\":\"cs\"},{\"@type\":\"WebPage\",\"@id\":\"https:\/\/villavie-luxury.com\/cs\/okoli-villa-vie\/#webpage\",\"url\":\"https:\/\/villavie-luxury.com\/cs\/okoli-villa-vie\/\",\"name\":\"Okol\\u00ed Villa Vie - Luxury villa in Medulin with the sea view\",\"isPartOf\":{\"@id\":\"https:\/\/villavie-luxury.com\/#website\"},\"datePublished\":\"2021-11-02T20:15:24+00:00\",\"dateModified\":\"2022-01-21T14:18:26+00:00\",\"breadcrumb\":{\"@id\":\"https:\/\/villavie-luxury.com\/cs\/okoli-villa-vie\/#breadcrumb\"},\"inLanguage\":\"cs\",\"potentialAction\":[{\"@type\":\"ReadAction\",\"target\":[\"https:\/\/villavie-luxury.com\/cs\/okoli-villa-vie\/\"]}]},{\"@type\":\"BreadcrumbList\",\"@id\":\"https:\/\/villavie-luxury.com\/cs\/okoli-villa-vie\/#breadcrumb\",\"itemListElement\":[{\"@type\":\"ListItem\",\"position\":1,\"name\":\"Dom\\u016f\",\"item\":\"https:\/\/villavie-luxury.com\/cs\/\"},{\"@type\":\"ListItem\",\"position\":2,\"name\":\"Okol\\u00ed Villa Vie\"}]}]}<\/script>\n<!-- \/ Yoast SEO plugin. -->","yoast_head_json":{"robots":{"index":"index","follow":"follow","max-snippet":"max-snippet:-1","max-image-preview":"max-image-preview:large","max-video-preview":"max-video-preview:-1"},"canonical":"https:\/\/villavie-luxury.com\/cs\/okoli-villa-vie\/","og_locale":"cs_CZ","og_type":"article","og_title":"Okol\u00ed Villa Vie - Luxury villa in Medulin with the sea view","og_url":"https:\/\/villavie-luxury.com\/cs\/okoli-villa-vie\/","og_site_name":"Luxury villa in Medulin with the sea view","article_modified_time":"2022-01-21T14:18:26+00:00","twitter_card":"summary_large_image","schema":{"@context":"https:\/\/schema.org","@graph":[{"@type":"WebSite","@id":"https:\/\/villavie-luxury.com\/#website","url":"https:\/\/villavie-luxury.com\/","name":"Luxury villa in Medulin with the sea view","description":"Dal\u0161\u00ed web pou\u017e\u00edvaj\u00edc\u00ed WordPress","potentialAction":[{"@type":"SearchAction","target":{"@type":"EntryPoint","urlTemplate":"https:\/\/villavie-luxury.com\/?s={search_term_string}"},"query-input":"required name=search_term_string"}],"inLanguage":"cs"},{"@type":"WebPage","@id":"https:\/\/villavie-luxury.com\/cs\/okoli-villa-vie\/#webpage","url":"https:\/\/villavie-luxury.com\/cs\/okoli-villa-vie\/","name":"Okol\u00ed Villa Vie - Luxury villa in Medulin with the sea view","isPartOf":{"@id":"https:\/\/villavie-luxury.com\/#website"},"datePublished":"2021-11-02T20:15:24+00:00","dateModified":"2022-01-21T14:18:26+00:00","breadcrumb":{"@id":"https:\/\/villavie-luxury.com\/cs\/okoli-villa-vie\/#breadcrumb"},"inLanguage":"cs","potentialAction":[{"@type":"ReadAction","target":["https:\/\/villavie-luxury.com\/cs\/okoli-villa-vie\/"]}]},{"@type":"BreadcrumbList","@id":"https:\/\/villavie-luxury.com\/cs\/okoli-villa-vie\/#breadcrumb","itemListElement":[{"@type":"ListItem","position":1,"name":"Dom\u016f","item":"https:\/\/villavie-luxury.com\/cs\/"},{"@type":"ListItem","position":2,"name":"Okol\u00ed Villa Vie"}]}]}},"_links":{"self":[{"href":"https:\/\/villavie-luxury.com\/cs\/wp-json\/wp\/v2\/pages\/1373","targetHints":{"allow":["GET"]}}],"collection":[{"href":"https:\/\/villavie-luxury.com\/cs\/wp-json\/wp\/v2\/pages"}],"about":[{"href":"https:\/\/villavie-luxury.com\/cs\/wp-json\/wp\/v2\/types\/page"}],"author":[{"embeddable":true,"href":"https:\/\/villavie-luxury.com\/cs\/wp-json\/wp\/v2\/users\/1"}],"replies":[{"embeddable":true,"href":"https:\/\/villavie-luxury.com\/cs\/wp-json\/wp\/v2\/comments?post=1373"}],"version-history":[{"count":14,"href":"https:\/\/villavie-luxury.com\/cs\/wp-json\/wp\/v2\/pages\/1373\/revisions"}],"predecessor-version":[{"id":1550,"href":"https:\/\/villavie-luxury.com\/cs\/wp-json\/wp\/v2\/pages\/1373\/revisions\/1550"}],"wp:attachment":[{"href":"https:\/\/villavie-luxury.com\/cs\/wp-json\/wp\/v2\/media?parent=1373"}],"curies":[{"name":"wp","href":"https:\/\/api.w.org\/{rel}","templated":true}]}}