{"id":1372,"date":"2021-11-02T21:37:37","date_gmt":"2021-11-02T20:37:37","guid":{"rendered":"https:\/\/villavie-luxury.com\/\/reservation\/"},"modified":"2026-01-05T10:11:33","modified_gmt":"2026-01-05T09:11:33","slug":"rezervace","status":"publish","type":"page","link":"https:\/\/villavie-luxury.com\/cs\/rezervace\/","title":{"rendered":"Rezervace"},"content":{"rendered":"\n<p>Pro p\u0159edb\u011b\u017enou rezervaci n\u00e1s kontaktujte nebo vyu\u017eijte formul\u00e1\u0159 n\u00ed\u017ee<\/p>\n","protected":false},"excerpt":{"rendered":"<p>Pro p\u0159edb\u011b\u017enou rezervaci n\u00e1s kontaktujte nebo vyu\u017eijte formul\u00e1\u0159 n\u00ed\u017ee.<\/p>\n","protected":false},"author":1,"featured_media":0,"parent":0,"menu_order":0,"comment_status":"closed","ping_status":"closed","template":"template-reservation.php","meta":{"footnotes":""},"class_list":["post-1372","page","type-page","status-publish","hentry"],"acf":[],"yoast_head":"<!-- This site is optimized with the Yoast SEO plugin v17.9 - https:\/\/yoast.com\/wordpress\/plugins\/seo\/ -->\n<meta name=\"robots\" content=\"index, follow, max-snippet:-1, max-image-preview:large, max-video-preview:-1\" \/>\n<link rel=\"canonical\" href=\"https:\/\/villavie-luxury.com\/cs\/rezervace\/\" \/>\n<meta property=\"og:locale\" content=\"cs_CZ\" \/>\n<meta property=\"og:type\" content=\"article\" \/>\n<meta property=\"og:title\" content=\"Rezervace - Luxury villa in Medulin with the sea view\" \/>\n<meta property=\"og:description\" content=\"Pro p\u0159edb\u011b\u017enou rezervaci n\u00e1s kontaktujte nebo vyu\u017eijte formul\u00e1\u0159 n\u00ed\u017ee.\" \/>\n<meta property=\"og:url\" content=\"https:\/\/villavie-luxury.com\/cs\/rezervace\/\" \/>\n<meta property=\"og:site_name\" content=\"Luxury villa in Medulin with the sea view\" \/>\n<meta property=\"article:modified_time\" content=\"2026-01-05T09:11:33+00:00\" \/>\n<meta name=\"twitter:card\" content=\"summary_large_image\" \/>\n<meta name=\"twitter:label1\" content=\"Odhadovan\u00e1 doba \u010dten\u00ed\" \/>\n\t<meta name=\"twitter:data1\" content=\"1 minuta\" \/>\n<script type=\"application\/ld+json\" class=\"yoast-schema-graph\">{\"@context\":\"https:\/\/schema.org\",\"@graph\":[{\"@type\":\"WebSite\",\"@id\":\"https:\/\/villavie-luxury.com\/#website\",\"url\":\"https:\/\/villavie-luxury.com\/\",\"name\":\"Luxury villa in Medulin with the sea view\",\"description\":\"Dal\\u0161\\u00ed web pou\\u017e\\u00edvaj\\u00edc\\u00ed WordPress\",\"potentialAction\":[{\"@type\":\"SearchAction\",\"target\":{\"@type\":\"EntryPoint\",\"urlTemplate\":\"https:\/\/villavie-luxury.com\/?s={search_term_string}\"},\"query-input\":\"required name=search_term_string\"}],\"inLanguage\":\"cs\"},{\"@type\":\"WebPage\",\"@id\":\"https:\/\/villavie-luxury.com\/cs\/rezervace\/#webpage\",\"url\":\"https:\/\/villavie-luxury.com\/cs\/rezervace\/\",\"name\":\"Rezervace - Luxury villa in Medulin with the sea view\",\"isPartOf\":{\"@id\":\"https:\/\/villavie-luxury.com\/#website\"},\"datePublished\":\"2021-11-02T20:37:37+00:00\",\"dateModified\":\"2026-01-05T09:11:33+00:00\",\"breadcrumb\":{\"@id\":\"https:\/\/villavie-luxury.com\/cs\/rezervace\/#breadcrumb\"},\"inLanguage\":\"cs\",\"potentialAction\":[{\"@type\":\"ReadAction\",\"target\":[\"https:\/\/villavie-luxury.com\/cs\/rezervace\/\"]}]},{\"@type\":\"BreadcrumbList\",\"@id\":\"https:\/\/villavie-luxury.com\/cs\/rezervace\/#breadcrumb\",\"itemListElement\":[{\"@type\":\"ListItem\",\"position\":1,\"name\":\"Dom\\u016f\",\"item\":\"https:\/\/villavie-luxury.com\/cs\/\"},{\"@type\":\"ListItem\",\"position\":2,\"name\":\"Rezervace\"}]}]}<\/script>\n<!-- \/ Yoast SEO plugin. -->","yoast_head_json":{"robots":{"index":"index","follow":"follow","max-snippet":"max-snippet:-1","max-image-preview":"max-image-preview:large","max-video-preview":"max-video-preview:-1"},"canonical":"https:\/\/villavie-luxury.com\/cs\/rezervace\/","og_locale":"cs_CZ","og_type":"article","og_title":"Rezervace - Luxury villa in Medulin with the sea view","og_description":"Pro p\u0159edb\u011b\u017enou rezervaci n\u00e1s kontaktujte nebo vyu\u017eijte formul\u00e1\u0159 n\u00ed\u017ee.","og_url":"https:\/\/villavie-luxury.com\/cs\/rezervace\/","og_site_name":"Luxury villa in Medulin with the sea view","article_modified_time":"2026-01-05T09:11:33+00:00","twitter_card":"summary_large_image","twitter_misc":{"Odhadovan\u00e1 doba \u010dten\u00ed":"1 minuta"},"schema":{"@context":"https:\/\/schema.org","@graph":[{"@type":"WebSite","@id":"https:\/\/villavie-luxury.com\/#website","url":"https:\/\/villavie-luxury.com\/","name":"Luxury villa in Medulin with the sea view","description":"Dal\u0161\u00ed web pou\u017e\u00edvaj\u00edc\u00ed WordPress","potentialAction":[{"@type":"SearchAction","target":{"@type":"EntryPoint","urlTemplate":"https:\/\/villavie-luxury.com\/?s={search_term_string}"},"query-input":"required name=search_term_string"}],"inLanguage":"cs"},{"@type":"WebPage","@id":"https:\/\/villavie-luxury.com\/cs\/rezervace\/#webpage","url":"https:\/\/villavie-luxury.com\/cs\/rezervace\/","name":"Rezervace - Luxury villa in Medulin with the sea view","isPartOf":{"@id":"https:\/\/villavie-luxury.com\/#website"},"datePublished":"2021-11-02T20:37:37+00:00","dateModified":"2026-01-05T09:11:33+00:00","breadcrumb":{"@id":"https:\/\/villavie-luxury.com\/cs\/rezervace\/#breadcrumb"},"inLanguage":"cs","potentialAction":[{"@type":"ReadAction","target":["https:\/\/villavie-luxury.com\/cs\/rezervace\/"]}]},{"@type":"BreadcrumbList","@id":"https:\/\/villavie-luxury.com\/cs\/rezervace\/#breadcrumb","itemListElement":[{"@type":"ListItem","position":1,"name":"Dom\u016f","item":"https:\/\/villavie-luxury.com\/cs\/"},{"@type":"ListItem","position":2,"name":"Rezervace"}]}]}},"_links":{"self":[{"href":"https:\/\/villavie-luxury.com\/cs\/wp-json\/wp\/v2\/pages\/1372","targetHints":{"allow":["GET"]}}],"collection":[{"href":"https:\/\/villavie-luxury.com\/cs\/wp-json\/wp\/v2\/pages"}],"about":[{"href":"https:\/\/villavie-luxury.com\/cs\/wp-json\/wp\/v2\/types\/page"}],"author":[{"embeddable":true,"href":"https:\/\/villavie-luxury.com\/cs\/wp-json\/wp\/v2\/users\/1"}],"replies":[{"embeddable":true,"href":"https:\/\/villavie-luxury.com\/cs\/wp-json\/wp\/v2\/comments?post=1372"}],"version-history":[{"count":17,"href":"https:\/\/villavie-luxury.com\/cs\/wp-json\/wp\/v2\/pages\/1372\/revisions"}],"predecessor-version":[{"id":1681,"href":"https:\/\/villavie-luxury.com\/cs\/wp-json\/wp\/v2\/pages\/1372\/revisions\/1681"}],"wp:attachment":[{"href":"https:\/\/villavie-luxury.com\/cs\/wp-json\/wp\/v2\/media?parent=1372"}],"curies":[{"name":"wp","href":"https:\/\/api.w.org\/{rel}","templated":true}]}}